{"id":1646,"date":"2025-10-08T09:03:37","date_gmt":"2025-10-08T02:03:37","guid":{"rendered":"https:\/\/baoviet.123websitedev.com\/?post_type=product&#038;p=1646"},"modified":"2025-10-08T09:09:46","modified_gmt":"2025-10-08T02:09:46","slug":"%e6%8c%96%e6%8e%98%e6%9c%ba%ef%bc%883%e4%bb%98%e6%a8%a1%e5%85%b7%e4%b8%a4%e6%ac%be%e4%ba%a7%e5%93%81%ef%bc%89","status":"publish","type":"product","link":"https:\/\/khuoncu.com\/vi\/san-pham\/%e6%8c%96%e6%8e%98%e6%9c%ba%ef%bc%883%e4%bb%98%e6%a8%a1%e5%85%b7%e4%b8%a4%e6%ac%be%e4%ba%a7%e5%93%81%ef%bc%89\/","title":{"rendered":"M\u00e1y \u0111\u00e0o (3 b\u1ed9 khu\u00f4n v\u00e0 hai s\u1ea3n ph\u1ea9m)"},"content":{"rendered":"<p><img fetchpriority=\"high\" decoding=\"async\" class=\"alignnone size-medium wp-image-1617\" src=\"https:\/\/khuoncu.com\/wp-content\/uploads\/2025\/10\/\u5fae\u4fe1\u56fe\u7247_20251008083621_211_14-300x200.jpg\" alt=\"\" width=\"300\" height=\"200\" srcset=\"https:\/\/khuoncu.com\/wp-content\/uploads\/2025\/10\/\u5fae\u4fe1\u56fe\u7247_20251008083621_211_14-300x200.jpg 300w, https:\/\/khuoncu.com\/wp-content\/uploads\/2025\/10\/\u5fae\u4fe1\u56fe\u7247_20251008083621_211_14-1024x682.jpg 1024w, https:\/\/khuoncu.com\/wp-content\/uploads\/2025\/10\/\u5fae\u4fe1\u56fe\u7247_20251008083621_211_14-768x512.jpg 768w, https:\/\/khuoncu.com\/wp-content\/uploads\/2025\/10\/\u5fae\u4fe1\u56fe\u7247_20251008083621_211_14-1536x1023.jpg 1536w, https:\/\/khuoncu.com\/wp-content\/uploads\/2025\/10\/\u5fae\u4fe1\u56fe\u7247_20251008083621_211_14-18x12.jpg 18w, https:\/\/khuoncu.com\/wp-content\/uploads\/2025\/10\/\u5fae\u4fe1\u56fe\u7247_20251008083621_211_14-600x400.jpg 600w, https:\/\/khuoncu.com\/wp-content\/uploads\/2025\/10\/\u5fae\u4fe1\u56fe\u7247_20251008083621_211_14.jpg 1570w\" sizes=\"(max-width: 300px) 100vw, 300px\" \/><\/p>","protected":false},"excerpt":{"rendered":"","protected":false},"featured_media":1617,"comment_status":"closed","ping_status":"closed","template":"","meta":[],"product_cat":[127],"product_tag":[],"yoast_head":"<!-- This site is optimized with the Yoast SEO Premium plugin v21.5 (Yoast SEO v21.5) - https:\/\/yoast.com\/wordpress\/plugins\/seo\/ -->\n<title>\u6316\u6398\u673a\uff083\u4ed8\u6a21\u5177\u4e24\u6b3e\u4ea7\u54c1\uff09 - C\u00d4NG TY TNHH MTV S\u1ea2N XU\u1ea4T TH\u01af\u01a0NG M\u1ea0I QU\u00dd B\u1ea2O VI\u1ec6T<\/title>\n<meta name=\"robots\" content=\"index, follow, max-snippet:-1, max-image-preview:large, max-video-preview:-1\" \/>\n<link rel=\"canonical\" href=\"https:\/\/khuoncu.com\/vi\/san-pham\/\u6316\u6398\u673a\uff083\u4ed8\u6a21\u5177\u4e24\u6b3e\u4ea7\u54c1\uff09\/\" \/>\n<meta property=\"og:locale\" content=\"vi_VN\" \/>\n<meta property=\"og:type\" content=\"article\" \/>\n<meta property=\"og:title\" content=\"\u6316\u6398\u673a\uff083\u4ed8\u6a21\u5177\u4e24\u6b3e\u4ea7\u54c1\uff09\" \/>\n<meta property=\"og:url\" content=\"https:\/\/khuoncu.com\/vi\/san-pham\/\u6316\u6398\u673a\uff083\u4ed8\u6a21\u5177\u4e24\u6b3e\u4ea7\u54c1\uff09\/\" \/>\n<meta property=\"og:site_name\" content=\"C\u00d4NG TY TNHH MTV S\u1ea2N XU\u1ea4T TH\u01af\u01a0NG M\u1ea0I QU\u00dd B\u1ea2O VI\u1ec6T\" \/>\n<meta property=\"article:modified_time\" content=\"2025-10-08T02:09:46+00:00\" \/>\n<meta property=\"og:image\" content=\"https:\/\/khuoncu.com\/wp-content\/uploads\/2025\/10\/\u5fae\u4fe1\u56fe\u7247_20251008083621_211_14.jpg\" \/>\n\t<meta property=\"og:image:width\" content=\"1570\" \/>\n\t<meta property=\"og:image:height\" content=\"1046\" \/>\n\t<meta property=\"og:image:type\" content=\"image\/jpeg\" \/>\n<meta name=\"twitter:card\" content=\"summary_large_image\" \/>\n<script type=\"application\/ld+json\" class=\"yoast-schema-graph\">{\"@context\":\"https:\/\/schema.org\",\"@graph\":[{\"@type\":\"WebPage\",\"@id\":\"https:\/\/khuoncu.com\/san-pham\/%e6%8c%96%e6%8e%98%e6%9c%ba%ef%bc%883%e4%bb%98%e6%a8%a1%e5%85%b7%e4%b8%a4%e6%ac%be%e4%ba%a7%e5%93%81%ef%bc%89\/\",\"url\":\"https:\/\/khuoncu.com\/san-pham\/%e6%8c%96%e6%8e%98%e6%9c%ba%ef%bc%883%e4%bb%98%e6%a8%a1%e5%85%b7%e4%b8%a4%e6%ac%be%e4%ba%a7%e5%93%81%ef%bc%89\/\",\"name\":\"\u6316\u6398\u673a\uff083\u4ed8\u6a21\u5177\u4e24\u6b3e\u4ea7\u54c1\uff09 - C\u00d4NG TY TNHH MTV S\u1ea2N XU\u1ea4T TH\u01af\u01a0NG M\u1ea0I QU\u00dd B\u1ea2O VI\u1ec6T\",\"isPartOf\":{\"@id\":\"https:\/\/khuoncu.com\/#website\"},\"datePublished\":\"2025-10-08T02:03:37+00:00\",\"dateModified\":\"2025-10-08T02:09:46+00:00\",\"breadcrumb\":{\"@id\":\"https:\/\/khuoncu.com\/san-pham\/%e6%8c%96%e6%8e%98%e6%9c%ba%ef%bc%883%e4%bb%98%e6%a8%a1%e5%85%b7%e4%b8%a4%e6%ac%be%e4%ba%a7%e5%93%81%ef%bc%89\/#breadcrumb\"},\"inLanguage\":\"vi\",\"potentialAction\":[{\"@type\":\"ReadAction\",\"target\":[\"https:\/\/khuoncu.com\/san-pham\/%e6%8c%96%e6%8e%98%e6%9c%ba%ef%bc%883%e4%bb%98%e6%a8%a1%e5%85%b7%e4%b8%a4%e6%ac%be%e4%ba%a7%e5%93%81%ef%bc%89\/\"]}]},{\"@type\":\"BreadcrumbList\",\"@id\":\"https:\/\/khuoncu.com\/san-pham\/%e6%8c%96%e6%8e%98%e6%9c%ba%ef%bc%883%e4%bb%98%e6%a8%a1%e5%85%b7%e4%b8%a4%e6%ac%be%e4%ba%a7%e5%93%81%ef%bc%89\/#breadcrumb\",\"itemListElement\":[{\"@type\":\"ListItem\",\"position\":1,\"name\":\"Trang ch\u1ee7\",\"item\":\"https:\/\/khuoncu.com\/\"},{\"@type\":\"ListItem\",\"position\":2,\"name\":\"\u4ea7\u54c1\",\"item\":\"https:\/\/khuoncu.com\/%e4%ba%a7%e5%93%81\/\"},{\"@type\":\"ListItem\",\"position\":3,\"name\":\"\u6316\u6398\u673a\uff083\u4ed8\u6a21\u5177\u4e24\u6b3e\u4ea7\u54c1\uff09\"}]},{\"@type\":\"WebSite\",\"@id\":\"https:\/\/khuoncu.com\/#website\",\"url\":\"https:\/\/khuoncu.com\/\",\"name\":\"C\u00d4NG TY TNHH MTV S\u1ea2N XU\u1ea4T TH\u01af\u01a0NG M\u1ea0I QU\u00dd B\u1ea2O VI\u1ec6T\",\"description\":\"Qu\u00fd gi\u00e1 ni\u1ec1m tin \u2013 B\u1ea3o v\u1ec7 gi\u00e1 tr\u1ecb Vi\u1ec7t\",\"potentialAction\":[{\"@type\":\"SearchAction\",\"target\":{\"@type\":\"EntryPoint\",\"urlTemplate\":\"https:\/\/khuoncu.com\/?s={search_term_string}\"},\"query-input\":\"required name=search_term_string\"}],\"inLanguage\":\"vi\"}]}<\/script>\n<!-- \/ Yoast SEO Premium plugin. -->","yoast_head_json":{"title":"\u6316\u6398\u673a\uff083\u4ed8\u6a21\u5177\u4e24\u6b3e\u4ea7\u54c1\uff09 - C\u00d4NG TY TNHH MTV S\u1ea2N XU\u1ea4T TH\u01af\u01a0NG M\u1ea0I QU\u00dd B\u1ea2O VI\u1ec6T","robots":{"index":"index","follow":"follow","max-snippet":"max-snippet:-1","max-image-preview":"max-image-preview:large","max-video-preview":"max-video-preview:-1"},"canonical":"https:\/\/khuoncu.com\/vi\/san-pham\/\u6316\u6398\u673a\uff083\u4ed8\u6a21\u5177\u4e24\u6b3e\u4ea7\u54c1\uff09\/","og_locale":"vi_VN","og_type":"article","og_title":"\u6316\u6398\u673a\uff083\u4ed8\u6a21\u5177\u4e24\u6b3e\u4ea7\u54c1\uff09","og_url":"https:\/\/khuoncu.com\/vi\/san-pham\/\u6316\u6398\u673a\uff083\u4ed8\u6a21\u5177\u4e24\u6b3e\u4ea7\u54c1\uff09\/","og_site_name":"C\u00d4NG TY TNHH MTV S\u1ea2N XU\u1ea4T TH\u01af\u01a0NG M\u1ea0I QU\u00dd B\u1ea2O VI\u1ec6T","article_modified_time":"2025-10-08T02:09:46+00:00","og_image":[{"width":1570,"height":1046,"url":"https:\/\/khuoncu.com\/wp-content\/uploads\/2025\/10\/\u5fae\u4fe1\u56fe\u7247_20251008083621_211_14.jpg","type":"image\/jpeg"}],"twitter_card":"summary_large_image","schema":{"@context":"https:\/\/schema.org","@graph":[{"@type":"WebPage","@id":"https:\/\/khuoncu.com\/san-pham\/%e6%8c%96%e6%8e%98%e6%9c%ba%ef%bc%883%e4%bb%98%e6%a8%a1%e5%85%b7%e4%b8%a4%e6%ac%be%e4%ba%a7%e5%93%81%ef%bc%89\/","url":"https:\/\/khuoncu.com\/san-pham\/%e6%8c%96%e6%8e%98%e6%9c%ba%ef%bc%883%e4%bb%98%e6%a8%a1%e5%85%b7%e4%b8%a4%e6%ac%be%e4%ba%a7%e5%93%81%ef%bc%89\/","name":"\u6316\u6398\u673a\uff083\u4ed8\u6a21\u5177\u4e24\u6b3e\u4ea7\u54c1\uff09 - C\u00d4NG TY TNHH MTV S\u1ea2N XU\u1ea4T TH\u01af\u01a0NG M\u1ea0I QU\u00dd B\u1ea2O VI\u1ec6T","isPartOf":{"@id":"https:\/\/khuoncu.com\/#website"},"datePublished":"2025-10-08T02:03:37+00:00","dateModified":"2025-10-08T02:09:46+00:00","breadcrumb":{"@id":"https:\/\/khuoncu.com\/san-pham\/%e6%8c%96%e6%8e%98%e6%9c%ba%ef%bc%883%e4%bb%98%e6%a8%a1%e5%85%b7%e4%b8%a4%e6%ac%be%e4%ba%a7%e5%93%81%ef%bc%89\/#breadcrumb"},"inLanguage":"vi","potentialAction":[{"@type":"ReadAction","target":["https:\/\/khuoncu.com\/san-pham\/%e6%8c%96%e6%8e%98%e6%9c%ba%ef%bc%883%e4%bb%98%e6%a8%a1%e5%85%b7%e4%b8%a4%e6%ac%be%e4%ba%a7%e5%93%81%ef%bc%89\/"]}]},{"@type":"BreadcrumbList","@id":"https:\/\/khuoncu.com\/san-pham\/%e6%8c%96%e6%8e%98%e6%9c%ba%ef%bc%883%e4%bb%98%e6%a8%a1%e5%85%b7%e4%b8%a4%e6%ac%be%e4%ba%a7%e5%93%81%ef%bc%89\/#breadcrumb","itemListElement":[{"@type":"ListItem","position":1,"name":"Trang ch\u1ee7","item":"https:\/\/khuoncu.com\/"},{"@type":"ListItem","position":2,"name":"\u4ea7\u54c1","item":"https:\/\/khuoncu.com\/%e4%ba%a7%e5%93%81\/"},{"@type":"ListItem","position":3,"name":"\u6316\u6398\u673a\uff083\u4ed8\u6a21\u5177\u4e24\u6b3e\u4ea7\u54c1\uff09"}]},{"@type":"WebSite","@id":"https:\/\/khuoncu.com\/#website","url":"https:\/\/khuoncu.com\/","name":"C\u00d4NG TY TNHH MTV S\u1ea2N XU\u1ea4T TH\u01af\u01a0NG M\u1ea0I QU\u00dd B\u1ea2O VI\u1ec6T","description":"Qu\u00fd gi\u00e1 ni\u1ec1m tin \u2013 B\u1ea3o v\u1ec7 gi\u00e1 tr\u1ecb Vi\u1ec7t","potentialAction":[{"@type":"SearchAction","target":{"@type":"EntryPoint","urlTemplate":"https:\/\/khuoncu.com\/?s={search_term_string}"},"query-input":"required name=search_term_string"}],"inLanguage":"vi"}]}},"_links":{"self":[{"href":"https:\/\/khuoncu.com\/vi\/wp-json\/wp\/v2\/product\/1646"}],"collection":[{"href":"https:\/\/khuoncu.com\/vi\/wp-json\/wp\/v2\/product"}],"about":[{"href":"https:\/\/khuoncu.com\/vi\/wp-json\/wp\/v2\/types\/product"}],"replies":[{"embeddable":true,"href":"https:\/\/khuoncu.com\/vi\/wp-json\/wp\/v2\/comments?post=1646"}],"wp:featuredmedia":[{"embeddable":true,"href":"https:\/\/khuoncu.com\/vi\/wp-json\/wp\/v2\/media\/1617"}],"wp:attachment":[{"href":"https:\/\/khuoncu.com\/vi\/wp-json\/wp\/v2\/media?parent=1646"}],"wp:term":[{"taxonomy":"product_cat","embeddable":true,"href":"https:\/\/khuoncu.com\/vi\/wp-json\/wp\/v2\/product_cat?post=1646"},{"taxonomy":"product_tag","embeddable":true,"href":"https:\/\/khuoncu.com\/vi\/wp-json\/wp\/v2\/product_tag?post=1646"}],"curies":[{"name":"wp","href":"https:\/\/api.w.org\/{rel}","templated":true}]}}