{"id":17,"date":"2023-11-15T06:47:01","date_gmt":"2023-11-15T06:47:01","guid":{"rendered":"https:\/\/nguyenquang.123websitedev.com\/?page_id=17"},"modified":"2025-10-02T17:12:17","modified_gmt":"2025-10-02T10:12:17","slug":"%e4%bb%8b%e7%bb%8d","status":"publish","type":"page","link":"https:\/\/khuoncu.com\/vi\/\u4ecb\u7ecd\/","title":{"rendered":"gi\u1edbi thi\u1ec7u"},"content":{"rendered":"<div data-elementor-type=\"wp-page\" data-elementor-id=\"17\" class=\"elementor elementor-17\" data-elementor-post-type=\"page\">\n\t\t\t\t\t\t\t<div class=\"elementor-element elementor-element-8974a14 e-flex e-con-boxed e-con e-parent\" data-id=\"8974a14\" data-element_type=\"container\" data-settings=\"{&quot;container_type&quot;:&quot;flex&quot;,&quot;content_width&quot;:&quot;boxed&quot;}\" data-core-v316-plus=\"true\">\n\t\t\t\t\t<div class=\"e-con-inner\">\n\t\t<div class=\"elementor-element elementor-element-bff15b5 e-flex e-con-boxed e-con e-child\" data-id=\"bff15b5\" data-element_type=\"container\" data-settings=\"{&quot;background_background&quot;:&quot;classic&quot;,&quot;container_type&quot;:&quot;flex&quot;,&quot;content_width&quot;:&quot;boxed&quot;}\">\n\t\t\t\t\t<div class=\"e-con-inner\">\n\t\t<div class=\"elementor-element elementor-element-30ecfc0 e-flex e-con-boxed e-con e-child\" data-id=\"30ecfc0\" data-element_type=\"container\" data-settings=\"{&quot;container_type&quot;:&quot;flex&quot;,&quot;content_width&quot;:&quot;boxed&quot;}\">\n\t\t\t\t\t<div class=\"e-con-inner\">\n\t\t\t\t<div class=\"elementor-element elementor-element-c196949 animated-slow elementor-widget elementor-widget-heading\" data-id=\"c196949\" data-element_type=\"widget\" data-settings=\"{&quot;_animation&quot;:&quot;none&quot;}\" data-widget_type=\"heading.default\">\n\t\t\t\t<div class=\"elementor-widget-container\">\n\t\t\t<style>\/*! elementor - v3.17.0 - 01-11-2023 *\/\n.elementor-heading-title{padding:0;margin:0;line-height:1}.elementor-widget-heading .elementor-heading-title[class*=elementor-size-]>a{color:inherit;font-size:inherit;line-height:inherit}.elementor-widget-heading .elementor-heading-title.elementor-size-small{font-size:15px}.elementor-widget-heading .elementor-heading-title.elementor-size-medium{font-size:19px}.elementor-widget-heading .elementor-heading-title.elementor-size-large{font-size:29px}.elementor-widget-heading .elementor-heading-title.elementor-size-xl{font-size:39px}.elementor-widget-heading .elementor-heading-title.elementor-size-xxl{font-size:59px}<\/style><h1 class=\"elementor-heading-title elementor-size-default\">v\u1ec1 ch\u00fang t\u00f4i<\/h1>\t\t<\/div>\n\t\t\t\t<\/div>\n\t\t\t\t<div class=\"elementor-element elementor-element-bb686c9 elementor-widget elementor-widget-woocommerce-breadcrumb\" data-id=\"bb686c9\" data-element_type=\"widget\" data-widget_type=\"woocommerce-breadcrumb.default\">\n\t\t\t\t<div class=\"elementor-widget-container\">\n\t\t\t<link rel=\"stylesheet\" href=\"https:\/\/khuoncu.com\/wp-content\/plugins\/elementor-pro\/assets\/css\/widget-woocommerce.min.css\"><nav class=\"woocommerce-breadcrumb\" data-no-translation=\"\" data-trp-gettext=\"\">Trang ch\u1ee7<\/nav>\t\t<\/div>\n\t\t\t\t<\/div>\n\t\t\t\t\t<\/div>\n\t\t\t\t<\/div>\n\t\t\t\t\t<\/div>\n\t\t\t\t<\/div>\n\t\t\t\t\t<\/div>\n\t\t\t\t<\/div>\n\t\t<div class=\"elementor-element elementor-element-5b32248 e-flex e-con-boxed e-con e-parent\" data-id=\"5b32248\" data-element_type=\"container\" data-settings=\"{&quot;container_type&quot;:&quot;flex&quot;,&quot;content_width&quot;:&quot;boxed&quot;}\" data-core-v316-plus=\"true\">\n\t\t\t\t\t<div class=\"e-con-inner\">\n\t\t<div class=\"elementor-element elementor-element-af557a2 e-flex e-con-boxed e-con e-child\" data-id=\"af557a2\" data-element_type=\"container\" data-settings=\"{&quot;container_type&quot;:&quot;flex&quot;,&quot;content_width&quot;:&quot;boxed&quot;}\">\n\t\t\t\t\t<div class=\"e-con-inner\">\n\t\t\t\t<div class=\"elementor-element elementor-element-c1022f3 animated-slow elementor-invisible elementor-widget elementor-widget-heading\" data-id=\"c1022f3\" data-element_type=\"widget\" data-settings=\"{&quot;_animation&quot;:&quot;fadeInLeft&quot;}\" data-widget_type=\"heading.default\">\n\t\t\t\t<div class=\"elementor-widget-container\">\n\t\t\t<h2 class=\"elementor-heading-title elementor-size-default\">K\u00ednh g\u1eedi B\u1ea3o Vi\u1ec7t<\/h2>\t\t<\/div>\n\t\t\t\t<\/div>\n\t\t\t\t<div class=\"elementor-element elementor-element-12bbcd3 animated-slow elementor-invisible elementor-widget elementor-widget-heading\" data-id=\"12bbcd3\" data-element_type=\"widget\" data-settings=\"{&quot;_animation&quot;:&quot;fadeInLeft&quot;}\" data-widget_type=\"heading.default\">\n\t\t\t\t<div class=\"elementor-widget-container\">\n\t\t\t<h2 class=\"elementor-heading-title elementor-size-default\">Gi\u1ea3i ph\u00e1p khu\u00f4n m\u1eabu v\u00e0 ph\u1ee5 ki\u1ec7n<\/h2>\t\t<\/div>\n\t\t\t\t<\/div>\n\t\t\t\t<div class=\"elementor-element elementor-element-097f614 animated-slow elementor-invisible elementor-widget elementor-widget-text-editor\" data-id=\"097f614\" data-element_type=\"widget\" data-settings=\"{&quot;_animation&quot;:&quot;fadeInLeft&quot;,&quot;_animation_delay&quot;:200}\" data-widget_type=\"text-editor.default\">\n\t\t\t\t<div class=\"elementor-widget-container\">\n\t\t\t<style>\/*! elementor - v3.17.0 - 01-11-2023 *\/\n.elementor-widget-text-editor.elementor-drop-cap-view-stacked .elementor-drop-cap{background-color:#69727d;color:#fff}.elementor-widget-text-editor.elementor-drop-cap-view-framed .elementor-drop-cap{color:#69727d;border:3px solid;background-color:transparent}.elementor-widget-text-editor:not(.elementor-drop-cap-view-default) .elementor-drop-cap{margin-top:8px}.elementor-widget-text-editor:not(.elementor-drop-cap-view-default) .elementor-drop-cap-letter{width:1em;height:1em}.elementor-widget-text-editor .elementor-drop-cap{float:left;text-align:center;line-height:1;font-size:50px}.elementor-widget-text-editor .elementor-drop-cap-letter{display:inline-block}<\/style>\t\t\t\t<p data-start=\"269\" data-end=\"553\">Qu\u00fd B\u1ea3o Vi\u1ec7t chuy\u00ean s\u1ea3n xu\u1ea5t v\u00e0 cung c\u1ea5p khu\u00f4n m\u1eabu, ph\u1ee5 ki\u1ec7n ch\u1ea5t l\u01b0\u1ee3ng cao. V\u1edbi kinh nghi\u1ec7m d\u00e0y d\u1eb7n v\u00e0 uy t\u00edn tr\u00ean th\u1ecb tr\u01b0\u1eddng, c\u00f4ng ty \u0111\u00e3 kh\u1eb3ng \u0111\u1ecbnh v\u1ecb th\u1ebf trong ng\u00e0nh gia c\u00f4ng khu\u00f4n m\u1eabu, \u0111\u00e1p \u1ee9ng nhu c\u1ea7u \u0111a d\u1ea1ng c\u1ee7a s\u1ea3n xu\u1ea5t c\u00f4ng nghi\u1ec7p trong n\u01b0\u1edbc v\u00e0 qu\u1ed1c t\u1ebf.<\/p><p data-start=\"555\" data-end=\"869\">Qu\u00fd B\u1ea3o Vi\u1ec7t cung c\u1ea5p \u0111a d\u1ea1ng c\u00e1c d\u00f2ng s\u1ea3n ph\u1ea9m, bao g\u1ed3m khu\u00f4n m\u1eabu c\u0169 v\u00e0 m\u1edbi, khu\u00f4n m\u1eabu gia d\u1ee5ng, khu\u00f4n m\u1eabu thi\u1ebft b\u1ecb \u0111i\u1ec7n t\u1eed, \u0111\u1ed3 ch\u01a1i tr\u1ebb em, ch\u00e2n gh\u1ebf sofa v\u00e0 c\u00e1c ph\u1ee5 ki\u1ec7n kh\u00e1c. T\u1ea5t c\u1ea3 s\u1ea3n ph\u1ea9m \u0111\u1ec1u \u0111\u01b0\u1ee3c s\u1ea3n xu\u1ea5t t\u1eeb nguy\u00ean li\u1ec7u ch\u1ea5t l\u01b0\u1ee3ng cao, \u0111\u1ea3m b\u1ea3o \u0111\u1ed9 ch\u00ednh x\u00e1c cao, \u0111\u1ed9 b\u1ec1n v\u00e0 tu\u00e2n th\u1ee7 c\u00e1c ti\u00eau chu\u1ea9n k\u1ef9 thu\u1eadt nghi\u00eam ng\u1eb7t.<\/p><p data-start=\"871\" data-end=\"1171\">C\u00f4ng ty cam k\u1ebft cung c\u1ea5p nh\u1eefng s\u1ea3n ph\u1ea9m uy t\u00edn, b\u1ec1n v\u1eefng v\u00e0 gi\u00e1 tr\u1ecb, \u0111\u1ed3ng h\u00e0nh c\u00f9ng kh\u00e1ch h\u00e0ng trong su\u1ed1t qu\u00e1 tr\u00ecnh s\u1ea3n xu\u1ea5t. \u0110\u1ed9i ng\u0169 k\u1ef9 thu\u1eadt vi\u00ean gi\u00e0u kinh nghi\u1ec7m v\u00e0 tay ngh\u1ec1 cao c\u1ee7a Qu\u00fd B\u1ea3o Vi\u1ec7t lu\u00f4n s\u1eb5n s\u00e0ng h\u1ed7 tr\u1ee3 kh\u00e1ch h\u00e0ng l\u1ef1a ch\u1ecdn gi\u1ea3i ph\u00e1p t\u1ed1i \u01b0u, ti\u1ebft ki\u1ec7m chi ph\u00ed v\u00e0 gia t\u0103ng hi\u1ec7u qu\u1ea3.<\/p><p data-start=\"1173\" data-end=\"1364\">B\u00ean c\u1ea1nh \u0111\u00f3, Qu\u00fd B\u1ea3o Vi\u1ec7t kh\u00f4ng ng\u1eebng m\u1edf r\u1ed9ng danh m\u1ee5c s\u1ea3n ph\u1ea9m, \u0111\u1ea7u t\u01b0 c\u00f4ng ngh\u1ec7 m\u1edbi, n\u00e2ng cao ch\u1ea5t l\u01b0\u1ee3ng d\u1ecbch v\u1ee5 \u0111\u1ec3 tr\u1edf th\u00e0nh \u0111\u1ed1i t\u00e1c h\u00e0ng \u0111\u1ea7u, \u0111\u00e1ng tin c\u1eady trong ng\u00e0nh khu\u00f4n m\u1eabu v\u00e0 ph\u1ee5 ki\u1ec7n.<\/p>\t\t\t\t\t\t<\/div>\n\t\t\t\t<\/div>\n\t\t\t\t\t<\/div>\n\t\t\t\t<\/div>\n\t\t<div class=\"elementor-element elementor-element-9cc2b8a e-flex e-con-boxed e-con e-child\" data-id=\"9cc2b8a\" data-element_type=\"container\" data-settings=\"{&quot;container_type&quot;:&quot;flex&quot;,&quot;content_width&quot;:&quot;boxed&quot;}\">\n\t\t\t\t\t<div class=\"e-con-inner\">\n\t\t\t\t<div class=\"elementor-element elementor-element-43c3d6b animated-slow elementor-invisible elementor-widget elementor-widget-image\" data-id=\"43c3d6b\" data-element_type=\"widget\" data-settings=\"{&quot;_animation&quot;:&quot;fadeInRight&quot;}\" data-widget_type=\"image.default\">\n\t\t\t\t<div class=\"elementor-widget-container\">\n\t\t\t<style>\/*! elementor - v3.17.0 - 01-11-2023 *\/\n.elementor-widget-image{text-align:center}.elementor-widget-image a{display:inline-block}.elementor-widget-image a img[src$=\".svg\"]{width:48px}.elementor-widget-image img{vertical-align:middle;display:inline-block}<\/style>\t\t\t\t\t\t\t\t\t\t\t\t<img fetchpriority=\"high\" decoding=\"async\" width=\"1920\" height=\"1668\" src=\"https:\/\/khuoncu.com\/wp-content\/uploads\/2023\/11\/gioi-thieu.png\" class=\"attachment-full size-full wp-image-611\" alt=\"\" srcset=\"https:\/\/khuoncu.com\/wp-content\/uploads\/2023\/11\/gioi-thieu.png 1920w, https:\/\/khuoncu.com\/wp-content\/uploads\/2023\/11\/gioi-thieu-600x521.png 600w, https:\/\/khuoncu.com\/wp-content\/uploads\/2023\/11\/gioi-thieu-300x261.png 300w, https:\/\/khuoncu.com\/wp-content\/uploads\/2023\/11\/gioi-thieu-1024x890.png 1024w, https:\/\/khuoncu.com\/wp-content\/uploads\/2023\/11\/gioi-thieu-768x667.png 768w, https:\/\/khuoncu.com\/wp-content\/uploads\/2023\/11\/gioi-thieu-1536x1334.png 1536w\" sizes=\"(max-width: 1920px) 100vw, 1920px\" \/>\t\t\t\t\t\t\t\t\t\t\t\t\t\t\t<\/div>\n\t\t\t\t<\/div>\n\t\t\t\t\t<\/div>\n\t\t\t\t<\/div>\n\t\t\t\t\t<\/div>\n\t\t\t\t<\/div>\n\t\t\t\t\t\t\t<\/div>","protected":false},"excerpt":{"rendered":"<p>\u5173\u4e8e\u6211\u4eec \u4eb2\u7231\u7684 Bao Viet \u6a21\u5177\u53ca\u914d\u4ef6\u89e3\u51b3\u65b9\u6848 Quy Bao Viet \u516c\u53f8\u4e13\u95e8\u5236\u9020\u548c\u4f9b\u5e94\u9ad8\u54c1\u8d28\u6a21\u5177<\/p>","protected":false},"author":1,"featured_media":0,"parent":0,"menu_order":0,"comment_status":"closed","ping_status":"closed","template":"elementor_header_footer","meta":[],"yoast_head":"<!-- This site is optimized with the Yoast SEO Premium plugin v21.5 (Yoast SEO v21.5) - https:\/\/yoast.com\/wordpress\/plugins\/seo\/ -->\n<title>\u4ecb\u7ecd - C\u00d4NG TY TNHH MTV S\u1ea2N XU\u1ea4T TH\u01af\u01a0NG M\u1ea0I QU\u00dd B\u1ea2O VI\u1ec6T<\/title>\n<meta name=\"robots\" content=\"index, follow, max-snippet:-1, max-image-preview:large, max-video-preview:-1\" \/>\n<link rel=\"canonical\" href=\"https:\/\/khuoncu.com\/vi\/\u4ecb\u7ecd\/\" \/>\n<meta property=\"og:locale\" content=\"vi_VN\" \/>\n<meta property=\"og:type\" content=\"article\" \/>\n<meta property=\"og:title\" content=\"\u4ecb\u7ecd\" \/>\n<meta property=\"og:description\" content=\"\u5173\u4e8e\u6211\u4eec \u4eb2\u7231\u7684 Bao Viet \u6a21\u5177\u53ca\u914d\u4ef6\u89e3\u51b3\u65b9\u6848 Quy Bao Viet \u516c\u53f8\u4e13\u95e8\u5236\u9020\u548c\u4f9b\u5e94\u9ad8\u54c1\u8d28\u6a21\u5177\" \/>\n<meta property=\"og:url\" content=\"https:\/\/khuoncu.com\/vi\/\u4ecb\u7ecd\/\" \/>\n<meta property=\"og:site_name\" content=\"C\u00d4NG TY TNHH MTV S\u1ea2N XU\u1ea4T TH\u01af\u01a0NG M\u1ea0I QU\u00dd B\u1ea2O VI\u1ec6T\" \/>\n<meta property=\"article:modified_time\" content=\"2025-10-02T10:12:17+00:00\" \/>\n<meta property=\"og:image\" content=\"https:\/\/khuoncu.com\/wp-content\/uploads\/2023\/11\/gioi-thieu.png\" \/>\n<meta name=\"twitter:card\" content=\"summary_large_image\" \/>\n<meta name=\"twitter:label1\" content=\"\u01af\u1edbc t\u00ednh th\u1eddi gian \u0111\u1ecdc\" \/>\n\t<meta name=\"twitter:data1\" content=\"8 ph\u00fat\" \/>\n<script type=\"application\/ld+json\" class=\"yoast-schema-graph\">{\"@context\":\"https:\/\/schema.org\",\"@graph\":[{\"@type\":\"WebPage\",\"@id\":\"https:\/\/khuoncu.com\/%e4%bb%8b%e7%bb%8d\/\",\"url\":\"https:\/\/khuoncu.com\/%e4%bb%8b%e7%bb%8d\/\",\"name\":\"\u4ecb\u7ecd - C\u00d4NG TY TNHH MTV S\u1ea2N XU\u1ea4T TH\u01af\u01a0NG M\u1ea0I QU\u00dd B\u1ea2O VI\u1ec6T\",\"isPartOf\":{\"@id\":\"https:\/\/khuoncu.com\/#website\"},\"datePublished\":\"2023-11-15T06:47:01+00:00\",\"dateModified\":\"2025-10-02T10:12:17+00:00\",\"breadcrumb\":{\"@id\":\"https:\/\/khuoncu.com\/%e4%bb%8b%e7%bb%8d\/#breadcrumb\"},\"inLanguage\":\"vi\",\"potentialAction\":[{\"@type\":\"ReadAction\",\"target\":[\"https:\/\/khuoncu.com\/%e4%bb%8b%e7%bb%8d\/\"]}]},{\"@type\":\"BreadcrumbList\",\"@id\":\"https:\/\/khuoncu.com\/%e4%bb%8b%e7%bb%8d\/#breadcrumb\",\"itemListElement\":[{\"@type\":\"ListItem\",\"position\":1,\"name\":\"Trang ch\u1ee7\",\"item\":\"https:\/\/khuoncu.com\/\"},{\"@type\":\"ListItem\",\"position\":2,\"name\":\"\u4ecb\u7ecd\"}]},{\"@type\":\"WebSite\",\"@id\":\"https:\/\/khuoncu.com\/#website\",\"url\":\"https:\/\/khuoncu.com\/\",\"name\":\"C\u00d4NG TY TNHH MTV S\u1ea2N XU\u1ea4T TH\u01af\u01a0NG M\u1ea0I QU\u00dd B\u1ea2O VI\u1ec6T\",\"description\":\"Qu\u00fd gi\u00e1 ni\u1ec1m tin \u2013 B\u1ea3o v\u1ec7 gi\u00e1 tr\u1ecb Vi\u1ec7t\",\"potentialAction\":[{\"@type\":\"SearchAction\",\"target\":{\"@type\":\"EntryPoint\",\"urlTemplate\":\"https:\/\/khuoncu.com\/?s={search_term_string}\"},\"query-input\":\"required name=search_term_string\"}],\"inLanguage\":\"vi\"}]}<\/script>\n<!-- \/ Yoast SEO Premium plugin. -->","yoast_head_json":{"title":"\u4ecb\u7ecd - C\u00d4NG TY TNHH MTV S\u1ea2N XU\u1ea4T TH\u01af\u01a0NG M\u1ea0I QU\u00dd B\u1ea2O VI\u1ec6T","robots":{"index":"index","follow":"follow","max-snippet":"max-snippet:-1","max-image-preview":"max-image-preview:large","max-video-preview":"max-video-preview:-1"},"canonical":"https:\/\/khuoncu.com\/vi\/\u4ecb\u7ecd\/","og_locale":"vi_VN","og_type":"article","og_title":"\u4ecb\u7ecd","og_description":"\u5173\u4e8e\u6211\u4eec \u4eb2\u7231\u7684 Bao Viet \u6a21\u5177\u53ca\u914d\u4ef6\u89e3\u51b3\u65b9\u6848 Quy Bao Viet \u516c\u53f8\u4e13\u95e8\u5236\u9020\u548c\u4f9b\u5e94\u9ad8\u54c1\u8d28\u6a21\u5177","og_url":"https:\/\/khuoncu.com\/vi\/\u4ecb\u7ecd\/","og_site_name":"C\u00d4NG TY TNHH MTV S\u1ea2N XU\u1ea4T TH\u01af\u01a0NG M\u1ea0I QU\u00dd B\u1ea2O VI\u1ec6T","article_modified_time":"2025-10-02T10:12:17+00:00","og_image":[{"url":"https:\/\/khuoncu.com\/wp-content\/uploads\/2023\/11\/gioi-thieu.png"}],"twitter_card":"summary_large_image","twitter_misc":{"\u01af\u1edbc t\u00ednh th\u1eddi gian \u0111\u1ecdc":"8 ph\u00fat"},"schema":{"@context":"https:\/\/schema.org","@graph":[{"@type":"WebPage","@id":"https:\/\/khuoncu.com\/%e4%bb%8b%e7%bb%8d\/","url":"https:\/\/khuoncu.com\/%e4%bb%8b%e7%bb%8d\/","name":"\u4ecb\u7ecd - C\u00d4NG TY TNHH MTV S\u1ea2N XU\u1ea4T TH\u01af\u01a0NG M\u1ea0I QU\u00dd B\u1ea2O VI\u1ec6T","isPartOf":{"@id":"https:\/\/khuoncu.com\/#website"},"datePublished":"2023-11-15T06:47:01+00:00","dateModified":"2025-10-02T10:12:17+00:00","breadcrumb":{"@id":"https:\/\/khuoncu.com\/%e4%bb%8b%e7%bb%8d\/#breadcrumb"},"inLanguage":"vi","potentialAction":[{"@type":"ReadAction","target":["https:\/\/khuoncu.com\/%e4%bb%8b%e7%bb%8d\/"]}]},{"@type":"BreadcrumbList","@id":"https:\/\/khuoncu.com\/%e4%bb%8b%e7%bb%8d\/#breadcrumb","itemListElement":[{"@type":"ListItem","position":1,"name":"Trang ch\u1ee7","item":"https:\/\/khuoncu.com\/"},{"@type":"ListItem","position":2,"name":"\u4ecb\u7ecd"}]},{"@type":"WebSite","@id":"https:\/\/khuoncu.com\/#website","url":"https:\/\/khuoncu.com\/","name":"C\u00d4NG TY TNHH MTV S\u1ea2N XU\u1ea4T TH\u01af\u01a0NG M\u1ea0I QU\u00dd B\u1ea2O VI\u1ec6T","description":"Qu\u00fd gi\u00e1 ni\u1ec1m tin \u2013 B\u1ea3o v\u1ec7 gi\u00e1 tr\u1ecb Vi\u1ec7t","potentialAction":[{"@type":"SearchAction","target":{"@type":"EntryPoint","urlTemplate":"https:\/\/khuoncu.com\/?s={search_term_string}"},"query-input":"required name=search_term_string"}],"inLanguage":"vi"}]}},"_links":{"self":[{"href":"https:\/\/khuoncu.com\/vi\/wp-json\/wp\/v2\/pages\/17"}],"collection":[{"href":"https:\/\/khuoncu.com\/vi\/wp-json\/wp\/v2\/pages"}],"about":[{"href":"https:\/\/khuoncu.com\/vi\/wp-json\/wp\/v2\/types\/page"}],"author":[{"embeddable":true,"href":"https:\/\/khuoncu.com\/vi\/wp-json\/wp\/v2\/users\/1"}],"replies":[{"embeddable":true,"href":"https:\/\/khuoncu.com\/vi\/wp-json\/wp\/v2\/comments?post=17"}],"version-history":[{"count":56,"href":"https:\/\/khuoncu.com\/vi\/wp-json\/wp\/v2\/pages\/17\/revisions"}],"predecessor-version":[{"id":1398,"href":"https:\/\/khuoncu.com\/vi\/wp-json\/wp\/v2\/pages\/17\/revisions\/1398"}],"wp:attachment":[{"href":"https:\/\/khuoncu.com\/vi\/wp-json\/wp\/v2\/media?parent=17"}],"curies":[{"name":"wp","href":"https:\/\/api.w.org\/{rel}","templated":true}]}}